{"id":30,"date":"2019-12-23T11:56:44","date_gmt":"2019-12-23T10:56:44","guid":{"rendered":"http:\/\/192.168.0.4\/wordpress\/?page_id=30"},"modified":"2019-12-23T11:56:44","modified_gmt":"2019-12-23T10:56:44","slug":"profil","status":"publish","type":"page","link":"https:\/\/grotkamp.de\/?page_id=30","title":{"rendered":"Profil"},"content":{"rendered":"\n<p>Seit 1992 arbeitet das Ingenieurb\u00fcro Grotkamp f\u00fcr Sie. Zu unserem Kundenkreis geh\u00f6ren mittelst\u00e4ndische Softwareentwicklungs- oder Projektrealisierungfirmen.<\/p>\n\n\n\n<p>Unser Unternehmen ist mit der Automation industrieller Vorg\u00e4nge gestartet. In den letzen Jahren hat sich der Schwerpunkt zunehmend in die Bereiche B\u00fcroautomation, Dokumentenmanagement und Automatensoftware verlagert.<\/p>\n\n\n\n<p>Als modernes Dienstleistungsunternehmen managen und realisieren wir Softwareprojekte. Neben diseser T\u00e4tigkeit entwickeln wir f\u00fcr Sie mit den modernsten Entwicklungswerkzeugen Software nach Ma\u00df. Wir haben es uns zur Aufgabe gemacht, Ihre Ideen und W\u00fcnsche kreativ umzusetzen.<\/p>\n\n\n\n<p>Im Jahre 2017 wurde Ingenieurb\u00fcro Grotkamp umfirmiert in Ingenieurb\u00fcro Grotkamp UG (haftungsbeschr\u00e4nkt).<\/p>\n","protected":false},"excerpt":{"rendered":"<p>Seit 1992 arbeitet das Ingenieurb\u00fcro Grotkamp f\u00fcr Sie. Zu unserem Kundenkreis geh\u00f6ren mittelst\u00e4ndische Softwareentwicklungs- oder Projektrealisierungfirmen. Unser Unternehmen ist mit der Automation industrieller Vorg\u00e4nge gestartet. In den letzen Jahren hat sich der Schwerpunkt zunehmend in die Bereiche B\u00fcroautomation, Dokumentenmanagement und Automatensoftware verlagert. Als modernes Dienstleistungsunternehmen managen und realisieren wir Softwareprojekte. Neben diseser T\u00e4tigkeit entwickeln wir &#8230; <a title=\"Profil\" class=\"read-more\" href=\"https:\/\/grotkamp.de\/?page_id=30\">Weiterlesen <span class=\"screen-reader-text\">Profil<\/span><\/a><\/p>\n","protected":false},"author":1,"featured_media":0,"parent":0,"menu_order":0,"comment_status":"closed","ping_status":"closed","template":"","meta":{"footnotes":""},"_links":{"self":[{"href":"https:\/\/grotkamp.de\/index.php?rest_route=\/wp\/v2\/pages\/30"}],"collection":[{"href":"https:\/\/grotkamp.de\/index.php?rest_route=\/wp\/v2\/pages"}],"about":[{"href":"https:\/\/grotkamp.de\/index.php?rest_route=\/wp\/v2\/types\/page"}],"author":[{"embeddable":true,"href":"https:\/\/grotkamp.de\/index.php?rest_route=\/wp\/v2\/users\/1"}],"replies":[{"embeddable":true,"href":"https:\/\/grotkamp.de\/index.php?rest_route=%2Fwp%2Fv2%2Fcomments&post=30"}],"version-history":[{"count":0,"href":"https:\/\/grotkamp.de\/index.php?rest_route=\/wp\/v2\/pages\/30\/revisions"}],"wp:attachment":[{"href":"https:\/\/grotkamp.de\/index.php?rest_route=%2Fwp%2Fv2%2Fmedia&parent=30"}],"curies":[{"name":"wp","href":"https:\/\/api.w.org\/{rel}","templated":true}]}}